{"id":20206,"date":"2025-12-17T16:20:55","date_gmt":"2025-12-17T15:20:55","guid":{"rendered":"https:\/\/www.zaniniitalia.com\/thank-you-page\/"},"modified":"2026-01-07T08:54:42","modified_gmt":"2026-01-07T07:54:42","slug":"thank-you-page","status":"publish","type":"page","link":"https:\/\/www.zaniniitalia.com\/fr\/thank-you-page\/","title":{"rendered":"Thank You Page"},"content":{"rendered":"<p>[et_pb_section fb_built=\u00a0\u00bb1&Prime; admin_label=\u00a0\u00bbIntro Block\u00a0\u00bb module_id=\u00a0\u00bbintro-block\u00a0\u00bb module_class=\u00a0\u00bbsfly_feature sfly_feature_12 sfly_marketing single_product_intro\u00a0\u00bb _builder_version=\u00a0\u00bb4.27.4&Prime; custom_padding=\u00a0\u00bb4%||6%||false|false\u00a0\u00bb locked=\u00a0\u00bboff\u00a0\u00bb global_colors_info=\u00a0\u00bb{}\u00a0\u00bb][et_pb_row _builder_version=\u00a0\u00bb4.16&Prime; global_colors_info=\u00a0\u00bb{}\u00a0\u00bb][et_pb_column type=\u00a0\u00bb4_4&Prime; module_class=\u00a0\u00bbcolumn1&Prime; _builder_version=\u00a0\u00bb4.16&Prime; custom_padding=\u00a0\u00bb|||\u00a0\u00bb custom_padding_tablet=\u00a0\u00bb||50px|\u00a0\u00bb custom_padding_phone=\u00a0\u00bb\u00a0\u00bb custom_padding_last_edited=\u00a0\u00bbon|tablet\u00a0\u00bb global_colors_info=\u00a0\u00bb{}\u00a0\u00bb padding_tablet=\u00a0\u00bb||50px|\u00a0\u00bb padding_last_edited=\u00a0\u00bbon|tablet\u00a0\u00bb custom_padding__hover=\u00a0\u00bb|||\u00a0\u00bb padding_phone=\u00a0\u00bb||50px|\u00a0\u00bb][et_pb_text quote_border_weight=\u00a0\u00bb0px\u00a0\u00bb quote_border_color=\u00a0\u00bbrgba(0,0,0,0)\u00a0\u00bb admin_label=\u00a0\u00bbTitolo pagina\u00a0\u00bb _builder_version=\u00a0\u00bb4.27.4&Prime; text_font=\u00a0\u00bb||||||||\u00a0\u00bb link_font=\u00a0\u00bb||||on|||#000000|\u00a0\u00bb link_text_color=\u00a0\u00bb#000000&Prime; quote_font=\u00a0\u00bbPlayfair Display||on||||||\u00a0\u00bb quote_text_color=\u00a0\u00bb#000000&Prime; quote_line_height=\u00a0\u00bb1.3em\u00a0\u00bb header_font=\u00a0\u00bb|700|||||||\u00a0\u00bb header_2_font=\u00a0\u00bb|700|||||||\u00a0\u00bb header_3_font=\u00a0\u00bb|700|||||||\u00a0\u00bb header_3_text_color=\u00a0\u00bb#000000&Prime; header_4_letter_spacing=\u00a0\u00bb12px\u00a0\u00bb header_5_font=\u00a0\u00bb|300|||||||\u00a0\u00bb header_5_text_color=\u00a0\u00bb#bfbfbf\u00a0\u00bb header_5_letter_spacing=\u00a0\u00bb12px\u00a0\u00bb header_6_font=\u00a0\u00bb|700|||||||\u00a0\u00bb header_6_letter_spacing=\u00a0\u00bb12px\u00a0\u00bb module_alignment=\u00a0\u00bbleft\u00a0\u00bb custom_margin_tablet=\u00a0\u00bb\u00a0\u00bb custom_margin_phone=\u00a0\u00bb\u00a0\u00bb custom_margin_last_edited=\u00a0\u00bbon|tablet\u00a0\u00bb quote_font_size_tablet=\u00a0\u00bb\u00a0\u00bb quote_font_size_phone=\u00a0\u00bb\u00a0\u00bb quote_font_size_last_edited=\u00a0\u00bbon|desktop\u00a0\u00bb saved_tabs=\u00a0\u00bball\u00a0\u00bb locked=\u00a0\u00bboff\u00a0\u00bb global_colors_info=\u00a0\u00bb{}\u00a0\u00bb]<\/p>\n<h1><span class=\"title-door-primary porte_interne\">Merci de nous avoir contact\u00e9s !<\/span><\/h1>\n<p>Nous vous r\u00e9pondrons dans les plus brefs d\u00e9lais !<\/p>\n<p>[\/et_pb_text][\/et_pb_column][\/et_pb_row][et_pb_row _builder_version=\u00a0\u00bb4.16&Prime; custom_margin=\u00a0\u00bb0px||0px||false|false\u00a0\u00bb custom_padding=\u00a0\u00bb0px||0px||false|false\u00a0\u00bb global_colors_info=\u00a0\u00bb{}\u00a0\u00bb][et_pb_column type=\u00a0\u00bb4_4&Prime; module_class=\u00a0\u00bbcolumn1&Prime; _builder_version=\u00a0\u00bb4.16&Prime; custom_padding=\u00a0\u00bb|||\u00a0\u00bb custom_padding_tablet=\u00a0\u00bb||50px|\u00a0\u00bb custom_padding_phone=\u00a0\u00bb\u00a0\u00bb custom_padding_last_edited=\u00a0\u00bbon|tablet\u00a0\u00bb global_colors_info=\u00a0\u00bb{}\u00a0\u00bb padding_tablet=\u00a0\u00bb||50px|\u00a0\u00bb padding_last_edited=\u00a0\u00bbon|tablet\u00a0\u00bb custom_padding__hover=\u00a0\u00bb|||\u00a0\u00bb padding_phone=\u00a0\u00bb||50px|\u00a0\u00bb][et_pb_text _builder_version=\u00a0\u00bb4.27.4&Prime; _module_preset=\u00a0\u00bbdefault\u00a0\u00bb hover_enabled=\u00a0\u00bb0&Prime; global_colors_info=\u00a0\u00bb{}\u00a0\u00bb sticky_enabled=\u00a0\u00bb0&Prime; disabled_on=\u00a0\u00bbon|on|on\u00a0\u00bb disabled=\u00a0\u00bbon\u00a0\u00bb]<span style=\"font-size:21px\">Attention ! Zanini Italia sera <strong>ferm\u00e9<\/strong> du <strong>23 d\u00e9cembre<\/strong> <strong>au 6 janvier 2026<\/strong> inclus.<\/span>[\/et_pb_text][\/et_pb_column][\/et_pb_row][\/et_pb_section]<\/p>\n","protected":false},"excerpt":{"rendered":"<p>Merci de nous avoir contact\u00e9s ! Nous vous r\u00e9pondrons dans les plus brefs d\u00e9lais !Attention ! Zanini Italia sera ferm\u00e9 du 23 d\u00e9cembre au 6 janvier 2026 inclus.<\/p>\n","protected":false},"author":1,"featured_media":0,"parent":0,"menu_order":0,"comment_status":"closed","ping_status":"closed","template":"","meta":{"_et_pb_use_builder":"on","_et_pb_old_content":"","_et_gb_content_width":"","footnotes":""},"class_list":["post-20206","page","type-page","status-publish","hentry"],"yoast_head":"<!-- This site is optimized with the Yoast SEO plugin v27.3 - https:\/\/yoast.com\/product\/yoast-seo-wordpress\/ -->\n<title>Thank You Page - Zanini, un mondo da aprire<\/title>\n<meta name=\"description\" content=\"Thank You Page\" \/>\n<meta name=\"robots\" content=\"noindex, nofollow\" \/>\n<meta property=\"og:locale\" content=\"fr_FR\" \/>\n<meta property=\"og:type\" content=\"article\" \/>\n<meta property=\"og:title\" content=\"Thank You Page - Zanini, un mondo da aprire\" \/>\n<meta property=\"og:description\" content=\"Thank You Page\" \/>\n<meta property=\"og:url\" content=\"https:\/\/www.zaniniitalia.com\/fr\/thank-you-page\/\" \/>\n<meta property=\"og:site_name\" content=\"Zanini, un mondo da aprire\" \/>\n<meta property=\"article:modified_time\" content=\"2026-01-07T07:54:42+00:00\" \/>\n<meta name=\"twitter:card\" content=\"summary_large_image\" \/>\n<meta name=\"twitter:label1\" content=\"Dur\u00e9e de lecture estim\u00e9e\" \/>\n\t<meta name=\"twitter:data1\" content=\"2 minutes\" \/>\n<script type=\"application\/ld+json\" class=\"yoast-schema-graph\">{\"@context\":\"https:\\\/\\\/schema.org\",\"@graph\":[{\"@type\":\"Article\",\"@id\":\"https:\\\/\\\/www.zaniniitalia.com\\\/fr\\\/thank-you-page\\\/#article\",\"isPartOf\":{\"@id\":\"https:\\\/\\\/www.zaniniitalia.com\\\/fr\\\/thank-you-page\\\/\"},\"author\":{\"name\":\"Zan_Etec\",\"@id\":\"https:\\\/\\\/www.zaniniitalia.com\\\/fr\\\/#\\\/schema\\\/person\\\/0a4f2a936750706355916b61ec26694a\"},\"headline\":\"Thank You Page\",\"datePublished\":\"2025-12-17T15:20:55+00:00\",\"dateModified\":\"2026-01-07T07:54:42+00:00\",\"mainEntityOfPage\":{\"@id\":\"https:\\\/\\\/www.zaniniitalia.com\\\/fr\\\/thank-you-page\\\/\"},\"wordCount\":321,\"publisher\":{\"@id\":\"https:\\\/\\\/www.zaniniitalia.com\\\/fr\\\/#organization\"},\"inLanguage\":\"fr-FR\"},{\"@type\":[\"WebPage\",\"CollectionPage\"],\"@id\":\"https:\\\/\\\/www.zaniniitalia.com\\\/fr\\\/thank-you-page\\\/\",\"url\":\"https:\\\/\\\/www.zaniniitalia.com\\\/fr\\\/thank-you-page\\\/\",\"name\":\"Thank You Page - Zanini, un mondo da aprire\",\"isPartOf\":{\"@id\":\"https:\\\/\\\/www.zaniniitalia.com\\\/fr\\\/#website\"},\"datePublished\":\"2025-12-17T15:20:55+00:00\",\"dateModified\":\"2026-01-07T07:54:42+00:00\",\"description\":\"Thank You Page\",\"breadcrumb\":{\"@id\":\"https:\\\/\\\/www.zaniniitalia.com\\\/fr\\\/thank-you-page\\\/#breadcrumb\"},\"inLanguage\":\"fr-FR\"},{\"@type\":\"BreadcrumbList\",\"@id\":\"https:\\\/\\\/www.zaniniitalia.com\\\/fr\\\/thank-you-page\\\/#breadcrumb\",\"itemListElement\":[{\"@type\":\"ListItem\",\"position\":1,\"name\":\"Home\",\"item\":\"https:\\\/\\\/www.zaniniitalia.com\\\/fr\\\/\"},{\"@type\":\"ListItem\",\"position\":2,\"name\":\"Thank You Page\"}]},{\"@type\":\"WebSite\",\"@id\":\"https:\\\/\\\/www.zaniniitalia.com\\\/fr\\\/#website\",\"url\":\"https:\\\/\\\/www.zaniniitalia.com\\\/fr\\\/\",\"name\":\"Zanini, un mondo da aprire\",\"description\":\"Un mondo da aprire\",\"publisher\":{\"@id\":\"https:\\\/\\\/www.zaniniitalia.com\\\/fr\\\/#organization\"},\"potentialAction\":[{\"@type\":\"SearchAction\",\"target\":{\"@type\":\"EntryPoint\",\"urlTemplate\":\"https:\\\/\\\/www.zaniniitalia.com\\\/fr\\\/?s={search_term_string}\"},\"query-input\":{\"@type\":\"PropertyValueSpecification\",\"valueRequired\":true,\"valueName\":\"search_term_string\"}}],\"inLanguage\":\"fr-FR\"},{\"@type\":\"Organization\",\"@id\":\"https:\\\/\\\/www.zaniniitalia.com\\\/fr\\\/#organization\",\"name\":\"Zanini Spa\",\"url\":\"https:\\\/\\\/www.zaniniitalia.com\\\/fr\\\/\",\"logo\":{\"@type\":\"ImageObject\",\"inLanguage\":\"fr-FR\",\"@id\":\"https:\\\/\\\/www.zaniniitalia.com\\\/fr\\\/#\\\/schema\\\/logo\\\/image\\\/\",\"url\":\"https:\\\/\\\/www.zaniniitalia.com\\\/wp-content\\\/uploads\\\/2021\\\/06\\\/logo-zanini-italia.png\",\"contentUrl\":\"https:\\\/\\\/www.zaniniitalia.com\\\/wp-content\\\/uploads\\\/2021\\\/06\\\/logo-zanini-italia.png\",\"width\":238,\"height\":52,\"caption\":\"Zanini Spa\"},\"image\":{\"@id\":\"https:\\\/\\\/www.zaniniitalia.com\\\/fr\\\/#\\\/schema\\\/logo\\\/image\\\/\"}},{\"@type\":\"Person\",\"@id\":\"https:\\\/\\\/www.zaniniitalia.com\\\/fr\\\/#\\\/schema\\\/person\\\/0a4f2a936750706355916b61ec26694a\",\"name\":\"Zan_Etec\",\"image\":{\"@type\":\"ImageObject\",\"inLanguage\":\"fr-FR\",\"@id\":\"https:\\\/\\\/secure.gravatar.com\\\/avatar\\\/f4b1b47d97e607f0ea25036aacc4a5ed7e44305e36f72237cb91c470026bfbb7?s=96&d=mm&r=g\",\"url\":\"https:\\\/\\\/secure.gravatar.com\\\/avatar\\\/f4b1b47d97e607f0ea25036aacc4a5ed7e44305e36f72237cb91c470026bfbb7?s=96&d=mm&r=g\",\"contentUrl\":\"https:\\\/\\\/secure.gravatar.com\\\/avatar\\\/f4b1b47d97e607f0ea25036aacc4a5ed7e44305e36f72237cb91c470026bfbb7?s=96&d=mm&r=g\",\"caption\":\"Zan_Etec\"},\"sameAs\":[\"https:\\\/\\\/www.zaniniitalia.com\"]}]}<\/script>\n<!-- \/ Yoast SEO plugin. -->","yoast_head_json":{"title":"Thank You Page - Zanini, un mondo da aprire","description":"Thank You Page","robots":{"index":"noindex","follow":"nofollow"},"og_locale":"fr_FR","og_type":"article","og_title":"Thank You Page - Zanini, un mondo da aprire","og_description":"Thank You Page","og_url":"https:\/\/www.zaniniitalia.com\/fr\/thank-you-page\/","og_site_name":"Zanini, un mondo da aprire","article_modified_time":"2026-01-07T07:54:42+00:00","twitter_card":"summary_large_image","twitter_misc":{"Dur\u00e9e de lecture estim\u00e9e":"2 minutes"},"schema":{"@context":"https:\/\/schema.org","@graph":[{"@type":"Article","@id":"https:\/\/www.zaniniitalia.com\/fr\/thank-you-page\/#article","isPartOf":{"@id":"https:\/\/www.zaniniitalia.com\/fr\/thank-you-page\/"},"author":{"name":"Zan_Etec","@id":"https:\/\/www.zaniniitalia.com\/fr\/#\/schema\/person\/0a4f2a936750706355916b61ec26694a"},"headline":"Thank You Page","datePublished":"2025-12-17T15:20:55+00:00","dateModified":"2026-01-07T07:54:42+00:00","mainEntityOfPage":{"@id":"https:\/\/www.zaniniitalia.com\/fr\/thank-you-page\/"},"wordCount":321,"publisher":{"@id":"https:\/\/www.zaniniitalia.com\/fr\/#organization"},"inLanguage":"fr-FR"},{"@type":["WebPage","CollectionPage"],"@id":"https:\/\/www.zaniniitalia.com\/fr\/thank-you-page\/","url":"https:\/\/www.zaniniitalia.com\/fr\/thank-you-page\/","name":"Thank You Page - Zanini, un mondo da aprire","isPartOf":{"@id":"https:\/\/www.zaniniitalia.com\/fr\/#website"},"datePublished":"2025-12-17T15:20:55+00:00","dateModified":"2026-01-07T07:54:42+00:00","description":"Thank You Page","breadcrumb":{"@id":"https:\/\/www.zaniniitalia.com\/fr\/thank-you-page\/#breadcrumb"},"inLanguage":"fr-FR"},{"@type":"BreadcrumbList","@id":"https:\/\/www.zaniniitalia.com\/fr\/thank-you-page\/#breadcrumb","itemListElement":[{"@type":"ListItem","position":1,"name":"Home","item":"https:\/\/www.zaniniitalia.com\/fr\/"},{"@type":"ListItem","position":2,"name":"Thank You Page"}]},{"@type":"WebSite","@id":"https:\/\/www.zaniniitalia.com\/fr\/#website","url":"https:\/\/www.zaniniitalia.com\/fr\/","name":"Zanini, un mondo da aprire","description":"Un mondo da aprire","publisher":{"@id":"https:\/\/www.zaniniitalia.com\/fr\/#organization"},"potentialAction":[{"@type":"SearchAction","target":{"@type":"EntryPoint","urlTemplate":"https:\/\/www.zaniniitalia.com\/fr\/?s={search_term_string}"},"query-input":{"@type":"PropertyValueSpecification","valueRequired":true,"valueName":"search_term_string"}}],"inLanguage":"fr-FR"},{"@type":"Organization","@id":"https:\/\/www.zaniniitalia.com\/fr\/#organization","name":"Zanini Spa","url":"https:\/\/www.zaniniitalia.com\/fr\/","logo":{"@type":"ImageObject","inLanguage":"fr-FR","@id":"https:\/\/www.zaniniitalia.com\/fr\/#\/schema\/logo\/image\/","url":"https:\/\/www.zaniniitalia.com\/wp-content\/uploads\/2021\/06\/logo-zanini-italia.png","contentUrl":"https:\/\/www.zaniniitalia.com\/wp-content\/uploads\/2021\/06\/logo-zanini-italia.png","width":238,"height":52,"caption":"Zanini Spa"},"image":{"@id":"https:\/\/www.zaniniitalia.com\/fr\/#\/schema\/logo\/image\/"}},{"@type":"Person","@id":"https:\/\/www.zaniniitalia.com\/fr\/#\/schema\/person\/0a4f2a936750706355916b61ec26694a","name":"Zan_Etec","image":{"@type":"ImageObject","inLanguage":"fr-FR","@id":"https:\/\/secure.gravatar.com\/avatar\/f4b1b47d97e607f0ea25036aacc4a5ed7e44305e36f72237cb91c470026bfbb7?s=96&d=mm&r=g","url":"https:\/\/secure.gravatar.com\/avatar\/f4b1b47d97e607f0ea25036aacc4a5ed7e44305e36f72237cb91c470026bfbb7?s=96&d=mm&r=g","contentUrl":"https:\/\/secure.gravatar.com\/avatar\/f4b1b47d97e607f0ea25036aacc4a5ed7e44305e36f72237cb91c470026bfbb7?s=96&d=mm&r=g","caption":"Zan_Etec"},"sameAs":["https:\/\/www.zaniniitalia.com"]}]}},"_links":{"self":[{"href":"https:\/\/www.zaniniitalia.com\/fr\/wp-json\/wp\/v2\/pages\/20206","targetHints":{"allow":["GET"]}}],"collection":[{"href":"https:\/\/www.zaniniitalia.com\/fr\/wp-json\/wp\/v2\/pages"}],"about":[{"href":"https:\/\/www.zaniniitalia.com\/fr\/wp-json\/wp\/v2\/types\/page"}],"author":[{"embeddable":true,"href":"https:\/\/www.zaniniitalia.com\/fr\/wp-json\/wp\/v2\/users\/1"}],"replies":[{"embeddable":true,"href":"https:\/\/www.zaniniitalia.com\/fr\/wp-json\/wp\/v2\/comments?post=20206"}],"version-history":[{"count":2,"href":"https:\/\/www.zaniniitalia.com\/fr\/wp-json\/wp\/v2\/pages\/20206\/revisions"}],"predecessor-version":[{"id":20208,"href":"https:\/\/www.zaniniitalia.com\/fr\/wp-json\/wp\/v2\/pages\/20206\/revisions\/20208"}],"wp:attachment":[{"href":"https:\/\/www.zaniniitalia.com\/fr\/wp-json\/wp\/v2\/media?parent=20206"}],"curies":[{"name":"wp","href":"https:\/\/api.w.org\/{rel}","templated":true}]}}